{"id":9,"date":"2024-03-27T22:19:15","date_gmt":"2024-03-27T21:19:15","guid":{"rendered":"https:\/\/vanafish.be\/?page_id=9"},"modified":"2025-07-03T13:59:34","modified_gmt":"2025-07-03T11:59:34","slug":"accueil","status":"publish","type":"page","link":"https:\/\/vanafish.be\/fr\/","title":{"rendered":"Home"},"content":{"rendered":"<div data-elementor-type=\"wp-page\" data-elementor-id=\"9\" class=\"elementor elementor-9\">\n\t\t\t\t<a class=\"elementor-element elementor-element-beaaa00 e-con-full parent-hover e-flex e-con e-parent\" data-id=\"beaaa00\" data-element_type=\"container\" data-settings=\"{&quot;background_background&quot;:&quot;slideshow&quot;,&quot;background_slideshow_gallery&quot;:[{&quot;id&quot;:324,&quot;url&quot;:&quot;https:\\\/\\\/vanafish.be\\\/wp-content\\\/uploads\\\/2024\\\/04\\\/vanafish-04-home.jpg&quot;},{&quot;id&quot;:323,&quot;url&quot;:&quot;https:\\\/\\\/vanafish.be\\\/wp-content\\\/uploads\\\/2024\\\/04\\\/vanafish-02-home.jpg&quot;},{&quot;id&quot;:322,&quot;url&quot;:&quot;https:\\\/\\\/vanafish.be\\\/wp-content\\\/uploads\\\/2024\\\/04\\\/vanafish-03-home.jpg&quot;},{&quot;id&quot;:321,&quot;url&quot;:&quot;https:\\\/\\\/vanafish.be\\\/wp-content\\\/uploads\\\/2024\\\/04\\\/home-forelgroep.jpg&quot;},{&quot;id&quot;:320,&quot;url&quot;:&quot;https:\\\/\\\/vanafish.be\\\/wp-content\\\/uploads\\\/2024\\\/04\\\/vanafish-05-home.jpg&quot;}],&quot;background_slideshow_slide_duration&quot;:3000,&quot;background_slideshow_loop&quot;:&quot;yes&quot;,&quot;background_slideshow_slide_transition&quot;:&quot;fade&quot;,&quot;background_slideshow_transition_duration&quot;:500}\" href=\"https:\/\/vanafish.be\/fr\/produits\/\">\n\t\t\t\t<div class=\"elementor-element elementor-element-9e781b1 show-on-parent-hover elementor-widget elementor-widget-text-editor\" data-id=\"9e781b1\" data-element_type=\"widget\" data-widget_type=\"text-editor.default\">\n\t\t\t\t<div class=\"elementor-widget-container\">\n\t\t\t\t\t\t\t\t\t<div class=\"n2-ss-slide n2-ow n2-ss-slide-4\" data-slide-duration=\"0\" data-id=\"4\" data-slide-public-id=\"2\" data-title=\"Slide\" aria-hidden=\"true\"><div class=\"n2-ss-layers-container n2-ss-slide-limiter n2-ow\"><div class=\"n2-ss-layer n2-ow n-uc-0GYEi8usTmjn\" data-sstype=\"slide\" data-pm=\"default\"><div class=\"n2-ss-layer n2-ow n-uc-zByoiBnKApbJ\" data-pm=\"default\" data-sstype=\"content\" data-hasbackground=\"0\"><div class=\"n2-ss-section-main-content n2-ss-layer-with-background n2-ss-layer-content n2-ow n-uc-zByoiBnKApbJ-inner\"><div class=\"n2-ss-layer n2-ow n-uc-WEXHQARpjTeL\" data-pm=\"normal\" data-sstype=\"layer\"><div id=\"n2-ss-2item3\" class=\"n2-font-178f4a5599d90765195fda36e483a647-hover n2-ss-item-content n2-ss-text n2-ow\">\u2014<\/div><div>VOIR PRODUITS<\/div><div>\u2014<\/div><\/div><\/div><\/div><\/div><\/div><\/div>\t\t\t\t\t\t\t\t<\/div>\n\t\t\t\t<\/div>\n\t\t\t\t<\/a>\n\t\t<div class=\"elementor-element elementor-element-2a7449b e-flex e-con-boxed e-con e-parent\" data-id=\"2a7449b\" data-element_type=\"container\">\n\t\t\t\t\t<div class=\"e-con-inner\">\n\t\t\t\t<div class=\"elementor-element elementor-element-35791cd elementor-widget elementor-widget-heading\" data-id=\"35791cd\" data-element_type=\"widget\" data-widget_type=\"heading.default\">\n\t\t\t\t<div class=\"elementor-widget-container\">\n\t\t\t\t\t<h2 class=\"elementor-heading-title elementor-size-default\">BIENVENUE<\/h2>\t\t\t\t<\/div>\n\t\t\t\t<\/div>\n\t\t\t\t<div class=\"elementor-element elementor-element-fcf0989 elementor-widget-divider--view-line elementor-widget elementor-widget-divider\" data-id=\"fcf0989\" data-element_type=\"widget\" data-widget_type=\"divider.default\">\n\t\t\t\t<div class=\"elementor-widget-container\">\n\t\t\t\t\t\t\t<div class=\"elementor-divider\">\n\t\t\t<span class=\"elementor-divider-separator\">\n\t\t\t\t\t\t<\/span>\n\t\t<\/div>\n\t\t\t\t\t\t<\/div>\n\t\t\t\t<\/div>\n\t\t\t\t<div class=\"elementor-element elementor-element-643e3c9 elementor-widget__width-initial elementor-widget elementor-widget-text-editor\" data-id=\"643e3c9\" data-element_type=\"widget\" data-widget_type=\"text-editor.default\">\n\t\t\t\t<div class=\"elementor-widget-container\">\n\t\t\t\t\t\t\t\t\t<p>Vanafish est une entreprise familiale qui se sp\u00e9cialise depuis 1979 dans le fumage artisanal de saumon, de fl\u00e9tan de Groenland et de truite. En se concentrant depuis plus de 30 ans sur une qualit\u00e9 haute et constante, en produit de base tant qu\u2019en proc\u00e9d\u00e9, Vanafish a saisi une position d\u2019importance sur le march\u00e9 belge, et sur celui des grossistes professionnels en particulier. Depuis quelques ann\u00e9es Vanafish est \u00e9galement pr\u00e9sent aux Pays-Bas et en France.<\/p>\t\t\t\t\t\t\t\t<\/div>\n\t\t\t\t<\/div>\n\t\t\t\t<div class=\"elementor-element elementor-element-e6c5f22 elementor-widget elementor-widget-spacer\" data-id=\"e6c5f22\" data-element_type=\"widget\" data-widget_type=\"spacer.default\">\n\t\t\t\t<div class=\"elementor-widget-container\">\n\t\t\t\t\t\t\t<div class=\"elementor-spacer\">\n\t\t\t<div class=\"elementor-spacer-inner\"><\/div>\n\t\t<\/div>\n\t\t\t\t\t\t<\/div>\n\t\t\t\t<\/div>\n\t\t\t\t<div class=\"elementor-element elementor-element-af2ab1e black-on-hover elementor-widget elementor-widget-heading\" data-id=\"af2ab1e\" data-element_type=\"widget\" data-widget_type=\"heading.default\">\n\t\t\t\t<div class=\"elementor-widget-container\">\n\t\t\t\t\t<h2 class=\"elementor-heading-title elementor-size-default\"><a href=\"https:\/\/vanafish.be\/fr\/a-propos\/\">EN SAVOIR PLUS<\/a><\/h2>\t\t\t\t<\/div>\n\t\t\t\t<\/div>\n\t\t\t\t\t<\/div>\n\t\t\t\t<\/div>\n\t\t\t\t<\/div>","protected":false},"excerpt":{"rendered":"<p>\u2014BEKIJK AANBOD\u2014 WELKOM Vanafish is een familiebedrijf dat zich sinds 1979 specialiseert in het artisanaal roken van zalm, Groenlandse heilbot en forel. Door zich meer dan 30 jaar te concentreren op hoge en constante kwaliteit, zowel op vlak van grondstof als verwerking, heeft Vanafish een vooraanstaande positie kunnen innemen op de Belgische markt, en dan [&hellip;]<\/p>","protected":false},"author":2,"featured_media":0,"parent":0,"menu_order":0,"comment_status":"closed","ping_status":"closed","template":"elementor_header_footer","meta":{"footnotes":""},"yoast_head":"<!-- This site is optimized with the Yoast SEO plugin v22.8 - https:\/\/yoast.com\/wordpress\/plugins\/seo\/ -->\n<title>Vanafish | Gespecialiseerd in traditioneel roken sinds 1979<\/title>\n<meta name=\"description\" content=\"Vanafish is een familiebedrijf dat sinds 1979 gespecialiseerd is in het ambachtelijk roken van zalm, zwarte heilbot en forel.\" \/>\n<meta name=\"robots\" content=\"index, follow, max-snippet:-1, max-image-preview:large, max-video-preview:-1\" \/>\n<link rel=\"canonical\" href=\"https:\/\/vanafish.be\/fr\/\" \/>\n<meta property=\"og:locale\" content=\"fr_FR\" \/>\n<meta property=\"og:type\" content=\"article\" \/>\n<meta property=\"og:title\" content=\"Vanafish | Gespecialiseerd in traditioneel roken sinds 1979\" \/>\n<meta property=\"og:description\" content=\"Vanafish is een familiebedrijf dat sinds 1979 gespecialiseerd is in het ambachtelijk roken van zalm, zwarte heilbot en forel.\" \/>\n<meta property=\"og:url\" content=\"https:\/\/vanafish.be\/fr\/\" \/>\n<meta property=\"og:site_name\" content=\"Vanafish\" \/>\n<meta property=\"article:modified_time\" content=\"2025-07-03T11:59:34+00:00\" \/>\n<meta name=\"twitter:card\" content=\"summary_large_image\" \/>\n<meta name=\"twitter:label1\" content=\"Dur\u00e9e de lecture estim\u00e9e\" \/>\n\t<meta name=\"twitter:data1\" content=\"1 minute\" \/>\n<script type=\"application\/ld+json\" class=\"yoast-schema-graph\">{\"@context\":\"https:\/\/schema.org\",\"@graph\":[{\"@type\":\"WebPage\",\"@id\":\"https:\/\/vanafish.be\/\",\"url\":\"https:\/\/vanafish.be\/\",\"name\":\"Vanafish | Gespecialiseerd in traditioneel roken sinds 1979\",\"isPartOf\":{\"@id\":\"https:\/\/vanafish.be\/#website\"},\"datePublished\":\"2024-03-27T21:19:15+00:00\",\"dateModified\":\"2025-07-03T11:59:34+00:00\",\"description\":\"Vanafish is een familiebedrijf dat sinds 1979 gespecialiseerd is in het ambachtelijk roken van zalm, zwarte heilbot en forel.\",\"breadcrumb\":{\"@id\":\"https:\/\/vanafish.be\/#breadcrumb\"},\"inLanguage\":\"fr-FR\",\"potentialAction\":[{\"@type\":\"ReadAction\",\"target\":[\"https:\/\/vanafish.be\/\"]}]},{\"@type\":\"BreadcrumbList\",\"@id\":\"https:\/\/vanafish.be\/#breadcrumb\",\"itemListElement\":[{\"@type\":\"ListItem\",\"position\":1,\"name\":\"Accueil\",\"item\":\"https:\/\/vanafish.be\/\"},{\"@type\":\"ListItem\",\"position\":2,\"name\":\"Home\"}]},{\"@type\":\"WebSite\",\"@id\":\"https:\/\/vanafish.be\/#website\",\"url\":\"https:\/\/vanafish.be\/\",\"name\":\"Vanafish\",\"description\":\"Entreprise familiale sp\u00e9cialis\u00e9e dans le fumage artisanal de saumon\",\"publisher\":{\"@id\":\"https:\/\/vanafish.be\/#organization\"},\"potentialAction\":[{\"@type\":\"SearchAction\",\"target\":{\"@type\":\"EntryPoint\",\"urlTemplate\":\"https:\/\/vanafish.be\/?s={search_term_string}\"},\"query-input\":\"required name=search_term_string\"}],\"inLanguage\":\"fr-FR\"},{\"@type\":\"Organization\",\"@id\":\"https:\/\/vanafish.be\/#organization\",\"name\":\"Vanafish\",\"url\":\"https:\/\/vanafish.be\/\",\"logo\":{\"@type\":\"ImageObject\",\"inLanguage\":\"fr-FR\",\"@id\":\"https:\/\/vanafish.be\/#\/schema\/logo\/image\/\",\"url\":\"https:\/\/vanafish.be\/wp-content\/uploads\/2024\/03\/logo-1.png\",\"contentUrl\":\"https:\/\/vanafish.be\/wp-content\/uploads\/2024\/03\/logo-1.png\",\"width\":170,\"height\":170,\"caption\":\"Vanafish\"},\"image\":{\"@id\":\"https:\/\/vanafish.be\/#\/schema\/logo\/image\/\"}}]}<\/script>\n<!-- \/ Yoast SEO plugin. -->","yoast_head_json":{"title":"Vanafish | Gespecialiseerd in traditioneel roken sinds 1979","description":"Vanafish is een familiebedrijf dat sinds 1979 gespecialiseerd is in het ambachtelijk roken van zalm, zwarte heilbot en forel.","robots":{"index":"index","follow":"follow","max-snippet":"max-snippet:-1","max-image-preview":"max-image-preview:large","max-video-preview":"max-video-preview:-1"},"canonical":"https:\/\/vanafish.be\/fr\/","og_locale":"fr_FR","og_type":"article","og_title":"Vanafish | Gespecialiseerd in traditioneel roken sinds 1979","og_description":"Vanafish is een familiebedrijf dat sinds 1979 gespecialiseerd is in het ambachtelijk roken van zalm, zwarte heilbot en forel.","og_url":"https:\/\/vanafish.be\/fr\/","og_site_name":"Vanafish","article_modified_time":"2025-07-03T11:59:34+00:00","twitter_card":"summary_large_image","twitter_misc":{"Dur\u00e9e de lecture estim\u00e9e":"1 minute"},"schema":{"@context":"https:\/\/schema.org","@graph":[{"@type":"WebPage","@id":"https:\/\/vanafish.be\/","url":"https:\/\/vanafish.be\/","name":"Vanafish | Gespecialiseerd in traditioneel roken sinds 1979","isPartOf":{"@id":"https:\/\/vanafish.be\/#website"},"datePublished":"2024-03-27T21:19:15+00:00","dateModified":"2025-07-03T11:59:34+00:00","description":"Vanafish is een familiebedrijf dat sinds 1979 gespecialiseerd is in het ambachtelijk roken van zalm, zwarte heilbot en forel.","breadcrumb":{"@id":"https:\/\/vanafish.be\/#breadcrumb"},"inLanguage":"fr-FR","potentialAction":[{"@type":"ReadAction","target":["https:\/\/vanafish.be\/"]}]},{"@type":"BreadcrumbList","@id":"https:\/\/vanafish.be\/#breadcrumb","itemListElement":[{"@type":"ListItem","position":1,"name":"Accueil","item":"https:\/\/vanafish.be\/"},{"@type":"ListItem","position":2,"name":"Home"}]},{"@type":"WebSite","@id":"https:\/\/vanafish.be\/#website","url":"https:\/\/vanafish.be\/","name":"Vanafish","description":"Entreprise familiale sp\u00e9cialis\u00e9e dans le fumage artisanal de saumon","publisher":{"@id":"https:\/\/vanafish.be\/#organization"},"potentialAction":[{"@type":"SearchAction","target":{"@type":"EntryPoint","urlTemplate":"https:\/\/vanafish.be\/?s={search_term_string}"},"query-input":"required name=search_term_string"}],"inLanguage":"fr-FR"},{"@type":"Organization","@id":"https:\/\/vanafish.be\/#organization","name":"Vanafish","url":"https:\/\/vanafish.be\/","logo":{"@type":"ImageObject","inLanguage":"fr-FR","@id":"https:\/\/vanafish.be\/#\/schema\/logo\/image\/","url":"https:\/\/vanafish.be\/wp-content\/uploads\/2024\/03\/logo-1.png","contentUrl":"https:\/\/vanafish.be\/wp-content\/uploads\/2024\/03\/logo-1.png","width":170,"height":170,"caption":"Vanafish"},"image":{"@id":"https:\/\/vanafish.be\/#\/schema\/logo\/image\/"}}]}},"_links":{"self":[{"href":"https:\/\/vanafish.be\/fr\/wp-json\/wp\/v2\/pages\/9"}],"collection":[{"href":"https:\/\/vanafish.be\/fr\/wp-json\/wp\/v2\/pages"}],"about":[{"href":"https:\/\/vanafish.be\/fr\/wp-json\/wp\/v2\/types\/page"}],"author":[{"embeddable":true,"href":"https:\/\/vanafish.be\/fr\/wp-json\/wp\/v2\/users\/2"}],"replies":[{"embeddable":true,"href":"https:\/\/vanafish.be\/fr\/wp-json\/wp\/v2\/comments?post=9"}],"version-history":[{"count":115,"href":"https:\/\/vanafish.be\/fr\/wp-json\/wp\/v2\/pages\/9\/revisions"}],"predecessor-version":[{"id":1119,"href":"https:\/\/vanafish.be\/fr\/wp-json\/wp\/v2\/pages\/9\/revisions\/1119"}],"wp:attachment":[{"href":"https:\/\/vanafish.be\/fr\/wp-json\/wp\/v2\/media?parent=9"}],"curies":[{"name":"wp","href":"https:\/\/api.w.org\/{rel}","templated":true}]}}