{"id":602,"date":"2024-04-04T03:55:05","date_gmt":"2024-04-04T01:55:05","guid":{"rendered":"https:\/\/vanafish.be\/?page_id=602"},"modified":"2026-04-13T21:59:04","modified_gmt":"2026-04-13T19:59:04","slug":"origine-de-notre-poisson","status":"publish","type":"page","link":"https:\/\/vanafish.be\/fr\/origine-de-notre-poisson\/","title":{"rendered":"Herkomst van onze vis"},"content":{"rendered":"<div data-elementor-type=\"wp-page\" data-elementor-id=\"602\" class=\"elementor elementor-602\">\n\t\t\t\t<div class=\"elementor-element elementor-element-a21e9e3 e-flex e-con-boxed e-con e-parent\" data-id=\"a21e9e3\" data-element_type=\"container\" data-settings=\"{&quot;background_background&quot;:&quot;classic&quot;}\">\n\t\t\t\t\t<div class=\"e-con-inner\">\n\t\t\t\t\t<\/div>\n\t\t\t\t<\/div>\n\t\t<div class=\"elementor-element elementor-element-a9c0449 e-con-full e-flex e-con e-parent\" data-id=\"a9c0449\" data-element_type=\"container\">\n\t\t<div class=\"elementor-element elementor-element-2121d35 e-con-full e-flex e-con e-child\" data-id=\"2121d35\" data-element_type=\"container\" data-settings=\"{&quot;background_background&quot;:&quot;slideshow&quot;,&quot;background_slideshow_gallery&quot;:[{&quot;id&quot;:607,&quot;url&quot;:&quot;https:\\\/\\\/vanafish.be\\\/wp-content\\\/uploads\\\/2024\\\/04\\\/vanafish-afkomst-overons-2.jpg&quot;}],&quot;background_slideshow_slide_duration&quot;:3000,&quot;background_slideshow_loop&quot;:&quot;yes&quot;,&quot;background_slideshow_slide_transition&quot;:&quot;fade&quot;,&quot;background_slideshow_transition_duration&quot;:500}\">\n\t\t\t\t<\/div>\n\t\t<div class=\"elementor-element elementor-element-0b0414a e-con-full e-flex e-con e-child\" data-id=\"0b0414a\" data-element_type=\"container\">\n\t\t\t\t<div class=\"elementor-element elementor-element-57134d2 elementor-hidden-mobile elementor-view-default elementor-widget elementor-widget-icon\" data-id=\"57134d2\" data-element_type=\"widget\" data-widget_type=\"icon.default\">\n\t\t\t\t<div class=\"elementor-widget-container\">\n\t\t\t\t\t\t\t<div class=\"elementor-icon-wrapper\">\n\t\t\t<a class=\"elementor-icon\" href=\"https:\/\/vanafish.be\/fr\/le-fumage-et-le-salage-de-poisson\/\">\n\t\t\t<svg aria-hidden=\"true\" class=\"e-font-icon-svg e-fas-chevron-left\" viewbox=\"0 0 320 512\" xmlns=\"http:\/\/www.w3.org\/2000\/svg\"><path d=\"M34.52 239.03L228.87 44.69c9.37-9.37 24.57-9.37 33.94 0l22.67 22.67c9.36 9.36 9.37 24.52.04 33.9L131.49 256l154.02 154.75c9.34 9.38 9.32 24.54-.04 33.9l-22.67 22.67c-9.37 9.37-24.57 9.37-33.94 0L34.52 272.97c-9.37-9.37-9.37-24.57 0-33.94z\"><\/path><\/svg>\t\t\t<\/a>\n\t\t<\/div>\n\t\t\t\t\t\t<\/div>\n\t\t\t\t<\/div>\n\t\t<div class=\"elementor-element elementor-element-fb474cf e-flex e-con-boxed e-con e-child\" data-id=\"fb474cf\" data-element_type=\"container\">\n\t\t\t\t\t<div class=\"e-con-inner\">\n\t\t<div class=\"elementor-element elementor-element-5800865 e-flex e-con-boxed e-con e-child\" data-id=\"5800865\" data-element_type=\"container\">\n\t\t\t\t\t<div class=\"e-con-inner\">\n\t\t\t\t<div class=\"elementor-element elementor-element-548da5e elementor-widget elementor-widget-heading\" data-id=\"548da5e\" data-element_type=\"widget\" data-widget_type=\"heading.default\">\n\t\t\t\t<div class=\"elementor-widget-container\">\n\t\t\t\t\t<h2 class=\"elementor-heading-title elementor-size-default\">ORIGINE DE NOTRE POISSON \n\n<\/h2>\t\t\t\t<\/div>\n\t\t\t\t<\/div>\n\t\t\t\t<div class=\"elementor-element elementor-element-71082af elementor-widget-divider--view-line elementor-widget elementor-widget-divider\" data-id=\"71082af\" data-element_type=\"widget\" data-widget_type=\"divider.default\">\n\t\t\t\t<div class=\"elementor-widget-container\">\n\t\t\t\t\t\t\t<div class=\"elementor-divider\">\n\t\t\t<span class=\"elementor-divider-separator\">\n\t\t\t\t\t\t<\/span>\n\t\t<\/div>\n\t\t\t\t\t\t<\/div>\n\t\t\t\t<\/div>\n\t\t\t\t<div class=\"elementor-element elementor-element-daeb9bf elementor-widget elementor-widget-spacer\" data-id=\"daeb9bf\" data-element_type=\"widget\" data-widget_type=\"spacer.default\">\n\t\t\t\t<div class=\"elementor-widget-container\">\n\t\t\t\t\t\t\t<div class=\"elementor-spacer\">\n\t\t\t<div class=\"elementor-spacer-inner\"><\/div>\n\t\t<\/div>\n\t\t\t\t\t\t<\/div>\n\t\t\t\t<\/div>\n\t\t\t\t<div class=\"elementor-element elementor-element-b55aee3 elementor-widget__width-initial elementor-widget elementor-widget-text-editor\" data-id=\"b55aee3\" data-element_type=\"widget\" data-widget_type=\"text-editor.default\">\n\t\t\t\t<div class=\"elementor-widget-container\">\n\t\t\t\t\t\t\t\t\t<p>Une condition essentielle pour obtenir un produit final de qualit\u00e9 est d\u2019utiliser une mati\u00e8re premi\u00e8re de qualit\u00e9. Chez Vanafish, nous consacrons beaucoup de temps \u00e0 rechercher et s\u00e9lectionner le bon poisson, r\u00e9pondant aux plus hauts standards.<\/p><p>Pour le saumon, cela implique une collaboration tr\u00e8s \u00e9troite avec les \u00e9leveurs. Au fil des ann\u00e9es, nous avons pu identifier les zones d\u2019\u00e9levage optimales selon les p\u00e9riodes de l\u2019ann\u00e9e. Cela nous permet de garder un contr\u00f4le maximal sur la qualit\u00e9 de notre saumon.<\/p><p>Pour le fl\u00e9tan, nous travaillons exclusivement avec la meilleure qualit\u00e9 : du fl\u00e9tan noir du Groenland (Reinhardtius hippoglossoides), p\u00each\u00e9 uniquement \u00e0 la ligne. Cette approche rigoureuse garantit la belle couleur et la fermet\u00e9 de nos filets de fl\u00e9tan, base de notre produit fini.<\/p>\t\t\t\t\t\t\t\t<\/div>\n\t\t\t\t<\/div>\n\t\t\t\t\t<\/div>\n\t\t\t\t<\/div>\n\t\t<div class=\"elementor-element elementor-element-39ec9ea e-flex e-con-boxed e-con e-child\" data-id=\"39ec9ea\" data-element_type=\"container\">\n\t\t\t\t\t<div class=\"e-con-inner\">\n\t\t\t\t<div class=\"elementor-element elementor-element-a393025 elementor-widget__width-initial elementor-widget elementor-widget-heading\" data-id=\"a393025\" data-element_type=\"widget\" data-widget_type=\"heading.default\">\n\t\t\t\t<div class=\"elementor-widget-container\">\n\t\t\t\t\t<h2 class=\"elementor-heading-title elementor-size-default\"><a href=\"https:\/\/vanafish.be\/fr\/a-propos\/\">HISTORIQUE<\/a><\/h2>\t\t\t\t<\/div>\n\t\t\t\t<\/div>\n\t\t\t\t<div class=\"elementor-element elementor-element-47c62cd elementor-widget__width-initial elementor-widget elementor-widget-heading\" data-id=\"47c62cd\" data-element_type=\"widget\" data-widget_type=\"heading.default\">\n\t\t\t\t<div class=\"elementor-widget-container\">\n\t\t\t\t\t<h2 class=\"elementor-heading-title elementor-size-default\"><a href=\"https:\/\/vanafish.be\/fr\/le-fumage-et-le-salage-de-poisson\/\">LE FUMAGE ET LE<br>\nSALAGE DE POISSON<\/a><\/h2>\t\t\t\t<\/div>\n\t\t\t\t<\/div>\n\t\t\t\t<div class=\"elementor-element elementor-element-bda6181 elementor-widget__width-initial elementor-widget elementor-widget-heading\" data-id=\"bda6181\" data-element_type=\"widget\" data-widget_type=\"heading.default\">\n\t\t\t\t<div class=\"elementor-widget-container\">\n\t\t\t\t\t<h2 class=\"elementor-heading-title elementor-size-default\"><a href=\"https:\/\/vanafish.be\/fr\/origine-de-notre-poisson\/\">ORIGINE DE NOTRE POISSON<\/a><\/h2>\t\t\t\t<\/div>\n\t\t\t\t<\/div>\n\t\t<div class=\"elementor-element elementor-element-1eee3b7 elementor-hidden-desktop elementor-hidden-tablet e-flex e-con-boxed e-con e-child\" data-id=\"1eee3b7\" data-element_type=\"container\">\n\t\t\t\t\t<div class=\"e-con-inner\">\n\t\t\t\t<div class=\"elementor-element elementor-element-a0cf355 elementor-view-default elementor-widget elementor-widget-icon\" data-id=\"a0cf355\" data-element_type=\"widget\" data-widget_type=\"icon.default\">\n\t\t\t\t<div class=\"elementor-widget-container\">\n\t\t\t\t\t\t\t<div class=\"elementor-icon-wrapper\">\n\t\t\t<a class=\"elementor-icon\" href=\"https:\/\/vanafish.be\/fr\/le-fumage-et-le-salage-de-poisson\/\">\n\t\t\t<svg aria-hidden=\"true\" class=\"e-font-icon-svg e-fas-chevron-left\" viewbox=\"0 0 320 512\" xmlns=\"http:\/\/www.w3.org\/2000\/svg\"><path d=\"M34.52 239.03L228.87 44.69c9.37-9.37 24.57-9.37 33.94 0l22.67 22.67c9.36 9.36 9.37 24.52.04 33.9L131.49 256l154.02 154.75c9.34 9.38 9.32 24.54-.04 33.9l-22.67 22.67c-9.37 9.37-24.57 9.37-33.94 0L34.52 272.97c-9.37-9.37-9.37-24.57 0-33.94z\"><\/path><\/svg>\t\t\t<\/a>\n\t\t<\/div>\n\t\t\t\t\t\t<\/div>\n\t\t\t\t<\/div>\n\t\t\t\t<div class=\"elementor-element elementor-element-4e27315 elementor-view-default elementor-widget elementor-widget-icon\" data-id=\"4e27315\" data-element_type=\"widget\" data-widget_type=\"icon.default\">\n\t\t\t\t<div class=\"elementor-widget-container\">\n\t\t\t\t\t\t\t<div class=\"elementor-icon-wrapper\">\n\t\t\t<a class=\"elementor-icon\" href=\"https:\/\/vanafish.be\/fr\/a-propos\/\">\n\t\t\t<svg aria-hidden=\"true\" class=\"e-font-icon-svg e-fas-chevron-right\" viewbox=\"0 0 320 512\" xmlns=\"http:\/\/www.w3.org\/2000\/svg\"><path d=\"M285.476 272.971L91.132 467.314c-9.373 9.373-24.569 9.373-33.941 0l-22.667-22.667c-9.357-9.357-9.375-24.522-.04-33.901L188.505 256 34.484 101.255c-9.335-9.379-9.317-24.544.04-33.901l22.667-22.667c9.373-9.373 24.569-9.373 33.941 0L285.475 239.03c9.373 9.372 9.373 24.568.001 33.941z\"><\/path><\/svg>\t\t\t<\/a>\n\t\t<\/div>\n\t\t\t\t\t\t<\/div>\n\t\t\t\t<\/div>\n\t\t\t\t\t<\/div>\n\t\t\t\t<\/div>\n\t\t\t\t\t<\/div>\n\t\t\t\t<\/div>\n\t\t\t\t\t<\/div>\n\t\t\t\t<\/div>\n\t\t\t\t<div class=\"elementor-element elementor-element-c8ad9ff elementor-hidden-mobile elementor-view-default elementor-widget elementor-widget-icon\" data-id=\"c8ad9ff\" data-element_type=\"widget\" data-widget_type=\"icon.default\">\n\t\t\t\t<div class=\"elementor-widget-container\">\n\t\t\t\t\t\t\t<div class=\"elementor-icon-wrapper\">\n\t\t\t<a class=\"elementor-icon\" href=\"https:\/\/vanafish.be\/fr\/a-propos\/\">\n\t\t\t<svg aria-hidden=\"true\" class=\"e-font-icon-svg e-fas-chevron-right\" viewbox=\"0 0 320 512\" xmlns=\"http:\/\/www.w3.org\/2000\/svg\"><path d=\"M285.476 272.971L91.132 467.314c-9.373 9.373-24.569 9.373-33.941 0l-22.667-22.667c-9.357-9.357-9.375-24.522-.04-33.901L188.505 256 34.484 101.255c-9.335-9.379-9.317-24.544.04-33.901l22.667-22.667c9.373-9.373 24.569-9.373 33.941 0L285.475 239.03c9.373 9.372 9.373 24.568.001 33.941z\"><\/path><\/svg>\t\t\t<\/a>\n\t\t<\/div>\n\t\t\t\t\t\t<\/div>\n\t\t\t\t<\/div>\n\t\t\t\t<\/div>\n\t\t\t\t<\/div>\n\t\t\t\t<\/div>","protected":false},"excerpt":{"rendered":"<p>HERKOMST VAN ONZE VIS Een absolute voorwaarde voor een kwalitatief eindproduct is een kwalitatieve grondstof. Bij Vanafish wordt heel wat tijd gespendeerd aan het sourcen van de juiste kwaliteit van vis. Voor de zalm betekent dit een zeer nauwe samenwerking met de zalmkwekers. Hierbij hebben we doorheen de jaren de optimale kweekgebieden in kaart kunnen [&hellip;]<\/p>","protected":false},"author":2,"featured_media":0,"parent":0,"menu_order":0,"comment_status":"closed","ping_status":"closed","template":"elementor_header_footer","meta":{"footnotes":""},"yoast_head":"<!-- This site is optimized with the Yoast SEO plugin v22.8 - https:\/\/yoast.com\/wordpress\/plugins\/seo\/ -->\n<title>Herkomst van onze vis | Sp\u00e9cialis\u00e9 dans le fumage artisanal depuis 1979<\/title>\n<meta name=\"robots\" content=\"index, follow, max-snippet:-1, max-image-preview:large, max-video-preview:-1\" \/>\n<link rel=\"canonical\" href=\"https:\/\/vanafish.be\/fr\/origine-de-notre-poisson\/\" \/>\n<meta property=\"og:locale\" content=\"fr_FR\" \/>\n<meta property=\"og:type\" content=\"article\" \/>\n<meta property=\"og:title\" content=\"Herkomst van onze vis | Sp\u00e9cialis\u00e9 dans le fumage artisanal depuis 1979\" \/>\n<meta property=\"og:description\" content=\"HERKOMST VAN ONZE VIS Een absolute voorwaarde voor een kwalitatief eindproduct is een kwalitatieve grondstof. Bij Vanafish wordt heel wat tijd gespendeerd aan het sourcen van de juiste kwaliteit van vis. Voor de zalm betekent dit een zeer nauwe samenwerking met de zalmkwekers. Hierbij hebben we doorheen de jaren de optimale kweekgebieden in kaart kunnen [&hellip;]\" \/>\n<meta property=\"og:url\" content=\"https:\/\/vanafish.be\/fr\/origine-de-notre-poisson\/\" \/>\n<meta property=\"og:site_name\" content=\"Vanafish\" \/>\n<meta property=\"article:modified_time\" content=\"2026-04-13T19:59:04+00:00\" \/>\n<meta name=\"twitter:card\" content=\"summary_large_image\" \/>\n<meta name=\"twitter:label1\" content=\"Dur\u00e9e de lecture estim\u00e9e\" \/>\n\t<meta name=\"twitter:data1\" content=\"1 minute\" \/>\n<script type=\"application\/ld+json\" class=\"yoast-schema-graph\">{\"@context\":\"https:\/\/schema.org\",\"@graph\":[{\"@type\":\"WebPage\",\"@id\":\"https:\/\/vanafish.be\/origine-de-notre-poisson\/\",\"url\":\"https:\/\/vanafish.be\/origine-de-notre-poisson\/\",\"name\":\"Herkomst van onze vis | Sp\u00e9cialis\u00e9 dans le fumage artisanal depuis 1979\",\"isPartOf\":{\"@id\":\"https:\/\/vanafish.be\/#website\"},\"datePublished\":\"2024-04-04T01:55:05+00:00\",\"dateModified\":\"2026-04-13T19:59:04+00:00\",\"breadcrumb\":{\"@id\":\"https:\/\/vanafish.be\/origine-de-notre-poisson\/#breadcrumb\"},\"inLanguage\":\"fr-FR\",\"potentialAction\":[{\"@type\":\"ReadAction\",\"target\":[\"https:\/\/vanafish.be\/origine-de-notre-poisson\/\"]}]},{\"@type\":\"BreadcrumbList\",\"@id\":\"https:\/\/vanafish.be\/origine-de-notre-poisson\/#breadcrumb\",\"itemListElement\":[{\"@type\":\"ListItem\",\"position\":1,\"name\":\"Accueil\",\"item\":\"https:\/\/vanafish.be\/\"},{\"@type\":\"ListItem\",\"position\":2,\"name\":\"Herkomst van onze vis\"}]},{\"@type\":\"WebSite\",\"@id\":\"https:\/\/vanafish.be\/#website\",\"url\":\"https:\/\/vanafish.be\/\",\"name\":\"Vanafish\",\"description\":\"Entreprise familiale sp\u00e9cialis\u00e9e dans le fumage artisanal de saumon\",\"publisher\":{\"@id\":\"https:\/\/vanafish.be\/#organization\"},\"potentialAction\":[{\"@type\":\"SearchAction\",\"target\":{\"@type\":\"EntryPoint\",\"urlTemplate\":\"https:\/\/vanafish.be\/?s={search_term_string}\"},\"query-input\":\"required name=search_term_string\"}],\"inLanguage\":\"fr-FR\"},{\"@type\":\"Organization\",\"@id\":\"https:\/\/vanafish.be\/#organization\",\"name\":\"Vanafish\",\"url\":\"https:\/\/vanafish.be\/\",\"logo\":{\"@type\":\"ImageObject\",\"inLanguage\":\"fr-FR\",\"@id\":\"https:\/\/vanafish.be\/#\/schema\/logo\/image\/\",\"url\":\"https:\/\/vanafish.be\/wp-content\/uploads\/2024\/03\/logo-1.png\",\"contentUrl\":\"https:\/\/vanafish.be\/wp-content\/uploads\/2024\/03\/logo-1.png\",\"width\":170,\"height\":170,\"caption\":\"Vanafish\"},\"image\":{\"@id\":\"https:\/\/vanafish.be\/#\/schema\/logo\/image\/\"}}]}<\/script>\n<!-- \/ Yoast SEO plugin. -->","yoast_head_json":{"title":"Herkomst van onze vis | Sp\u00e9cialis\u00e9 dans le fumage artisanal depuis 1979","robots":{"index":"index","follow":"follow","max-snippet":"max-snippet:-1","max-image-preview":"max-image-preview:large","max-video-preview":"max-video-preview:-1"},"canonical":"https:\/\/vanafish.be\/fr\/origine-de-notre-poisson\/","og_locale":"fr_FR","og_type":"article","og_title":"Herkomst van onze vis | Sp\u00e9cialis\u00e9 dans le fumage artisanal depuis 1979","og_description":"HERKOMST VAN ONZE VIS Een absolute voorwaarde voor een kwalitatief eindproduct is een kwalitatieve grondstof. Bij Vanafish wordt heel wat tijd gespendeerd aan het sourcen van de juiste kwaliteit van vis. Voor de zalm betekent dit een zeer nauwe samenwerking met de zalmkwekers. Hierbij hebben we doorheen de jaren de optimale kweekgebieden in kaart kunnen [&hellip;]","og_url":"https:\/\/vanafish.be\/fr\/origine-de-notre-poisson\/","og_site_name":"Vanafish","article_modified_time":"2026-04-13T19:59:04+00:00","twitter_card":"summary_large_image","twitter_misc":{"Dur\u00e9e de lecture estim\u00e9e":"1 minute"},"schema":{"@context":"https:\/\/schema.org","@graph":[{"@type":"WebPage","@id":"https:\/\/vanafish.be\/origine-de-notre-poisson\/","url":"https:\/\/vanafish.be\/origine-de-notre-poisson\/","name":"Herkomst van onze vis | Sp\u00e9cialis\u00e9 dans le fumage artisanal depuis 1979","isPartOf":{"@id":"https:\/\/vanafish.be\/#website"},"datePublished":"2024-04-04T01:55:05+00:00","dateModified":"2026-04-13T19:59:04+00:00","breadcrumb":{"@id":"https:\/\/vanafish.be\/origine-de-notre-poisson\/#breadcrumb"},"inLanguage":"fr-FR","potentialAction":[{"@type":"ReadAction","target":["https:\/\/vanafish.be\/origine-de-notre-poisson\/"]}]},{"@type":"BreadcrumbList","@id":"https:\/\/vanafish.be\/origine-de-notre-poisson\/#breadcrumb","itemListElement":[{"@type":"ListItem","position":1,"name":"Accueil","item":"https:\/\/vanafish.be\/"},{"@type":"ListItem","position":2,"name":"Herkomst van onze vis"}]},{"@type":"WebSite","@id":"https:\/\/vanafish.be\/#website","url":"https:\/\/vanafish.be\/","name":"Vanafish","description":"Entreprise familiale sp\u00e9cialis\u00e9e dans le fumage artisanal de saumon","publisher":{"@id":"https:\/\/vanafish.be\/#organization"},"potentialAction":[{"@type":"SearchAction","target":{"@type":"EntryPoint","urlTemplate":"https:\/\/vanafish.be\/?s={search_term_string}"},"query-input":"required name=search_term_string"}],"inLanguage":"fr-FR"},{"@type":"Organization","@id":"https:\/\/vanafish.be\/#organization","name":"Vanafish","url":"https:\/\/vanafish.be\/","logo":{"@type":"ImageObject","inLanguage":"fr-FR","@id":"https:\/\/vanafish.be\/#\/schema\/logo\/image\/","url":"https:\/\/vanafish.be\/wp-content\/uploads\/2024\/03\/logo-1.png","contentUrl":"https:\/\/vanafish.be\/wp-content\/uploads\/2024\/03\/logo-1.png","width":170,"height":170,"caption":"Vanafish"},"image":{"@id":"https:\/\/vanafish.be\/#\/schema\/logo\/image\/"}}]}},"_links":{"self":[{"href":"https:\/\/vanafish.be\/fr\/wp-json\/wp\/v2\/pages\/602"}],"collection":[{"href":"https:\/\/vanafish.be\/fr\/wp-json\/wp\/v2\/pages"}],"about":[{"href":"https:\/\/vanafish.be\/fr\/wp-json\/wp\/v2\/types\/page"}],"author":[{"embeddable":true,"href":"https:\/\/vanafish.be\/fr\/wp-json\/wp\/v2\/users\/2"}],"replies":[{"embeddable":true,"href":"https:\/\/vanafish.be\/fr\/wp-json\/wp\/v2\/comments?post=602"}],"version-history":[{"count":19,"href":"https:\/\/vanafish.be\/fr\/wp-json\/wp\/v2\/pages\/602\/revisions"}],"predecessor-version":[{"id":1093,"href":"https:\/\/vanafish.be\/fr\/wp-json\/wp\/v2\/pages\/602\/revisions\/1093"}],"wp:attachment":[{"href":"https:\/\/vanafish.be\/fr\/wp-json\/wp\/v2\/media?parent=602"}],"curies":[{"name":"wp","href":"https:\/\/api.w.org\/{rel}","templated":true}]}}