{"id":452,"date":"2024-04-04T03:06:08","date_gmt":"2024-04-04T01:06:08","guid":{"rendered":"https:\/\/vanafish.be\/?page_id=452"},"modified":"2025-06-18T20:42:07","modified_gmt":"2025-06-18T18:42:07","slug":"paves-de-fletan-fume","status":"publish","type":"page","link":"https:\/\/vanafish.be\/fr\/paves-de-fletan-fume\/","title":{"rendered":"Gerrokte heilbotstukken"},"content":{"rendered":"<div data-elementor-type=\"wp-page\" data-elementor-id=\"452\" class=\"elementor elementor-452\">\n\t\t\t\t<div class=\"elementor-element elementor-element-1455492 e-flex e-con-boxed e-con e-parent\" data-id=\"1455492\" data-element_type=\"container\" data-settings=\"{&quot;background_background&quot;:&quot;classic&quot;}\">\n\t\t\t\t\t<div class=\"e-con-inner\">\n\t\t\t\t\t<\/div>\n\t\t\t\t<\/div>\n\t\t<div class=\"elementor-element elementor-element-309b98b e-con-full e-flex e-con e-parent\" data-id=\"309b98b\" data-element_type=\"container\">\n\t\t<div class=\"elementor-element elementor-element-5df40fa e-con-full e-flex e-con e-child\" data-id=\"5df40fa\" data-element_type=\"container\" data-settings=\"{&quot;background_background&quot;:&quot;slideshow&quot;,&quot;background_slideshow_gallery&quot;:[{&quot;id&quot;:945,&quot;url&quot;:&quot;https:\\\/\\\/vanafish.be\\\/wp-content\\\/uploads\\\/2024\\\/05\\\/fletan_pave.jpg&quot;}],&quot;background_slideshow_slide_duration&quot;:3000,&quot;background_slideshow_loop&quot;:&quot;yes&quot;,&quot;background_slideshow_slide_transition&quot;:&quot;fade&quot;,&quot;background_slideshow_transition_duration&quot;:500}\">\n\t\t\t\t<\/div>\n\t\t<div class=\"elementor-element elementor-element-e0196d7 e-con-full e-flex e-con e-child\" data-id=\"e0196d7\" data-element_type=\"container\">\n\t\t\t\t<div class=\"elementor-element elementor-element-d5bc909 elementor-hidden-mobile elementor-view-default elementor-widget elementor-widget-icon\" data-id=\"d5bc909\" data-element_type=\"widget\" data-widget_type=\"icon.default\">\n\t\t\t\t<div class=\"elementor-widget-container\">\n\t\t\t\t\t\t\t<div class=\"elementor-icon-wrapper\">\n\t\t\t<a class=\"elementor-icon\" href=\"https:\/\/vanafish.be\/fr\/fletan-fume-artisanal\/\">\n\t\t\t<svg aria-hidden=\"true\" class=\"e-font-icon-svg e-fas-chevron-left\" viewbox=\"0 0 320 512\" xmlns=\"http:\/\/www.w3.org\/2000\/svg\"><path d=\"M34.52 239.03L228.87 44.69c9.37-9.37 24.57-9.37 33.94 0l22.67 22.67c9.36 9.36 9.37 24.52.04 33.9L131.49 256l154.02 154.75c9.34 9.38 9.32 24.54-.04 33.9l-22.67 22.67c-9.37 9.37-24.57 9.37-33.94 0L34.52 272.97c-9.37-9.37-9.37-24.57 0-33.94z\"><\/path><\/svg>\t\t\t<\/a>\n\t\t<\/div>\n\t\t\t\t\t\t<\/div>\n\t\t\t\t<\/div>\n\t\t<div class=\"elementor-element elementor-element-9913dd5 e-flex e-con-boxed e-con e-child\" data-id=\"9913dd5\" data-element_type=\"container\">\n\t\t\t\t\t<div class=\"e-con-inner\">\n\t\t\t\t<div class=\"elementor-element elementor-element-72d1ba7 elementor-widget elementor-widget-heading\" data-id=\"72d1ba7\" data-element_type=\"widget\" data-widget_type=\"heading.default\">\n\t\t\t\t<div class=\"elementor-widget-container\">\n\t\t\t\t\t<h2 class=\"elementor-heading-title elementor-size-default\">PAV\u00c9S DE FL\u00c9TAN FUM\u00c9 <\/h2>\t\t\t\t<\/div>\n\t\t\t\t<\/div>\n\t\t\t\t<div class=\"elementor-element elementor-element-ec43f80 elementor-widget-divider--view-line elementor-widget elementor-widget-divider\" data-id=\"ec43f80\" data-element_type=\"widget\" data-widget_type=\"divider.default\">\n\t\t\t\t<div class=\"elementor-widget-container\">\n\t\t\t\t\t\t\t<div class=\"elementor-divider\">\n\t\t\t<span class=\"elementor-divider-separator\">\n\t\t\t\t\t\t<\/span>\n\t\t<\/div>\n\t\t\t\t\t\t<\/div>\n\t\t\t\t<\/div>\n\t\t\t\t<div class=\"elementor-element elementor-element-2fd7096 elementor-widget elementor-widget-spacer\" data-id=\"2fd7096\" data-element_type=\"widget\" data-widget_type=\"spacer.default\">\n\t\t\t\t<div class=\"elementor-widget-container\">\n\t\t\t\t\t\t\t<div class=\"elementor-spacer\">\n\t\t\t<div class=\"elementor-spacer-inner\"><\/div>\n\t\t<\/div>\n\t\t\t\t\t\t<\/div>\n\t\t\t\t<\/div>\n\t\t\t\t<div class=\"elementor-element elementor-element-df09b43 elementor-widget__width-initial elementor-widget elementor-widget-text-editor\" data-id=\"df09b43\" data-element_type=\"widget\" data-widget_type=\"text-editor.default\">\n\t\t\t\t<div class=\"elementor-widget-container\">\n\t\t\t\t\t\t\t\t\t<p>Pour nos pav\u00e9s de fl\u00e9tan fum\u00e9 nous r\u00e9servons nos plus grands filets de fl\u00e9tan. C\u2019est une exigence incontournable afin de pouvoir couper de grands morceaux savoureux. Nos morceaux de fl\u00e9tan sont alors fum\u00e9s de mani\u00e8re tr\u00e8s particuli\u00e8re, pour arriver \u00e0 la belle couleur dor\u00e9e qui ach\u00e9ve se produit \u00e0 la perfection. Depuis 2004, le fl\u00e9tan est reconnu comme produit r\u00e9gional.<\/p>\t\t\t\t\t\t\t\t<\/div>\n\t\t\t\t<\/div>\n\t\t\t\t<div class=\"elementor-element elementor-element-2be693b elementor-widget elementor-widget-spacer\" data-id=\"2be693b\" data-element_type=\"widget\" data-widget_type=\"spacer.default\">\n\t\t\t\t<div class=\"elementor-widget-container\">\n\t\t\t\t\t\t\t<div class=\"elementor-spacer\">\n\t\t\t<div class=\"elementor-spacer-inner\"><\/div>\n\t\t<\/div>\n\t\t\t\t\t\t<\/div>\n\t\t\t\t<\/div>\n\t\t<div class=\"elementor-element elementor-element-6506812 e-flex e-con-boxed e-con e-child\" data-id=\"6506812\" data-element_type=\"container\">\n\t\t\t\t\t<div class=\"e-con-inner\">\n\t\t\t\t<div class=\"elementor-element elementor-element-0fff508 elementor-widget__width-initial elementor-widget elementor-widget-heading\" data-id=\"0fff508\" data-element_type=\"widget\" data-widget_type=\"heading.default\">\n\t\t\t\t<div class=\"elementor-widget-container\">\n\t\t\t\t\t<h2 class=\"elementor-heading-title elementor-size-default\"><a href=\"https:\/\/vanafish.be\/fr\/fletan-fume-artisanal\/\">PR\u00c9C\u00c9DENT<\/a><\/h2>\t\t\t\t<\/div>\n\t\t\t\t<\/div>\n\t\t\t\t<div class=\"elementor-element elementor-element-063700d elementor-widget__width-initial elementor-widget elementor-widget-heading\" data-id=\"063700d\" data-element_type=\"widget\" data-widget_type=\"heading.default\">\n\t\t\t\t<div class=\"elementor-widget-container\">\n\t\t\t\t\t<h2 class=\"elementor-heading-title elementor-size-default\"><a href=\"https:\/\/vanafish.be\/fr\/truite-fumee\/\">SUIVANT<\/a><\/h2>\t\t\t\t<\/div>\n\t\t\t\t<\/div>\n\t\t\t\t<div class=\"elementor-element elementor-element-271d9a5 elementor-widget__width-initial elementor-widget elementor-widget-heading\" data-id=\"271d9a5\" data-element_type=\"widget\" data-widget_type=\"heading.default\">\n\t\t\t\t<div class=\"elementor-widget-container\">\n\t\t\t\t\t<h2 class=\"elementor-heading-title elementor-size-default\"><a href=\"https:\/\/vanafish.be\/fr\/produits\/\">RETOUR AUX PRODUITS<\/a><\/h2>\t\t\t\t<\/div>\n\t\t\t\t<\/div>\n\t\t\t\t\t<\/div>\n\t\t\t\t<\/div>\n\t\t<div class=\"elementor-element elementor-element-ec44d59 e-con-full elementor-hidden-desktop elementor-hidden-tablet e-flex e-con e-child\" data-id=\"ec44d59\" data-element_type=\"container\">\n\t\t\t\t<div class=\"elementor-element elementor-element-140975b elementor-view-default elementor-widget elementor-widget-icon\" data-id=\"140975b\" data-element_type=\"widget\" data-widget_type=\"icon.default\">\n\t\t\t\t<div class=\"elementor-widget-container\">\n\t\t\t\t\t\t\t<div class=\"elementor-icon-wrapper\">\n\t\t\t<a class=\"elementor-icon\" href=\"https:\/\/vanafish.be\/fr\/fletan-fume-artisanal\/\">\n\t\t\t<svg aria-hidden=\"true\" class=\"e-font-icon-svg e-fas-chevron-left\" viewbox=\"0 0 320 512\" xmlns=\"http:\/\/www.w3.org\/2000\/svg\"><path d=\"M34.52 239.03L228.87 44.69c9.37-9.37 24.57-9.37 33.94 0l22.67 22.67c9.36 9.36 9.37 24.52.04 33.9L131.49 256l154.02 154.75c9.34 9.38 9.32 24.54-.04 33.9l-22.67 22.67c-9.37 9.37-24.57 9.37-33.94 0L34.52 272.97c-9.37-9.37-9.37-24.57 0-33.94z\"><\/path><\/svg>\t\t\t<\/a>\n\t\t<\/div>\n\t\t\t\t\t\t<\/div>\n\t\t\t\t<\/div>\n\t\t\t\t<div class=\"elementor-element elementor-element-6479b33 elementor-view-default elementor-widget elementor-widget-icon\" data-id=\"6479b33\" data-element_type=\"widget\" data-widget_type=\"icon.default\">\n\t\t\t\t<div class=\"elementor-widget-container\">\n\t\t\t\t\t\t\t<div class=\"elementor-icon-wrapper\">\n\t\t\t<a class=\"elementor-icon\" href=\"https:\/\/vanafish.be\/fr\/truite-fumee\/\">\n\t\t\t<svg aria-hidden=\"true\" class=\"e-font-icon-svg e-fas-chevron-right\" viewbox=\"0 0 320 512\" xmlns=\"http:\/\/www.w3.org\/2000\/svg\"><path d=\"M285.476 272.971L91.132 467.314c-9.373 9.373-24.569 9.373-33.941 0l-22.667-22.667c-9.357-9.357-9.375-24.522-.04-33.901L188.505 256 34.484 101.255c-9.335-9.379-9.317-24.544.04-33.901l22.667-22.667c9.373-9.373 24.569-9.373 33.941 0L285.475 239.03c9.373 9.372 9.373 24.568.001 33.941z\"><\/path><\/svg>\t\t\t<\/a>\n\t\t<\/div>\n\t\t\t\t\t\t<\/div>\n\t\t\t\t<\/div>\n\t\t\t\t<\/div>\n\t\t\t\t\t<\/div>\n\t\t\t\t<\/div>\n\t\t\t\t<div class=\"elementor-element elementor-element-8ddc91f elementor-hidden-mobile elementor-view-default elementor-widget elementor-widget-icon\" data-id=\"8ddc91f\" data-element_type=\"widget\" data-widget_type=\"icon.default\">\n\t\t\t\t<div class=\"elementor-widget-container\">\n\t\t\t\t\t\t\t<div class=\"elementor-icon-wrapper\">\n\t\t\t<a class=\"elementor-icon\" href=\"https:\/\/vanafish.be\/fr\/truite-fumee\/\">\n\t\t\t<svg aria-hidden=\"true\" class=\"e-font-icon-svg e-fas-chevron-right\" viewbox=\"0 0 320 512\" xmlns=\"http:\/\/www.w3.org\/2000\/svg\"><path d=\"M285.476 272.971L91.132 467.314c-9.373 9.373-24.569 9.373-33.941 0l-22.667-22.667c-9.357-9.357-9.375-24.522-.04-33.901L188.505 256 34.484 101.255c-9.335-9.379-9.317-24.544.04-33.901l22.667-22.667c9.373-9.373 24.569-9.373 33.941 0L285.475 239.03c9.373 9.372 9.373 24.568.001 33.941z\"><\/path><\/svg>\t\t\t<\/a>\n\t\t<\/div>\n\t\t\t\t\t\t<\/div>\n\t\t\t\t<\/div>\n\t\t\t\t<\/div>\n\t\t\t\t<\/div>\n\t\t\t\t<\/div>","protected":false},"excerpt":{"rendered":"<p>GEROOKTE HEILBOTSTUKKEN Voor onze gerookte heilbotstukken reserveren wij onze grootste heilbotfilets. Dit is een minimumvereiste om grote sappige stukken te kunnen snijden. Onze heilbotstukken worden dan op een heel aparte manier gerookt, om de mooie gouden kleur te bekomen die dit topproduct helemaal afmaakt. Sinds 2024 is de gerookte Heilbot van Vanafish erkend als Streekproduct. [&hellip;]<\/p>","protected":false},"author":2,"featured_media":0,"parent":0,"menu_order":0,"comment_status":"closed","ping_status":"closed","template":"elementor_header_footer","meta":{"footnotes":""},"yoast_head":"<!-- This site is optimized with the Yoast SEO plugin v22.8 - https:\/\/yoast.com\/wordpress\/plugins\/seo\/ -->\n<title>Gerrokte heilbotstukken | Sp\u00e9cialis\u00e9 dans le fumage artisanal depuis 1979<\/title>\n<meta name=\"robots\" content=\"index, follow, max-snippet:-1, max-image-preview:large, max-video-preview:-1\" \/>\n<link rel=\"canonical\" href=\"https:\/\/vanafish.be\/fr\/paves-de-fletan-fume\/\" \/>\n<meta property=\"og:locale\" content=\"fr_FR\" \/>\n<meta property=\"og:type\" content=\"article\" \/>\n<meta property=\"og:title\" content=\"Gerrokte heilbotstukken | Sp\u00e9cialis\u00e9 dans le fumage artisanal depuis 1979\" \/>\n<meta property=\"og:description\" content=\"GEROOKTE HEILBOTSTUKKEN Voor onze gerookte heilbotstukken reserveren wij onze grootste heilbotfilets. Dit is een minimumvereiste om grote sappige stukken te kunnen snijden. Onze heilbotstukken worden dan op een heel aparte manier gerookt, om de mooie gouden kleur te bekomen die dit topproduct helemaal afmaakt. Sinds 2024 is de gerookte Heilbot van Vanafish erkend als Streekproduct. [&hellip;]\" \/>\n<meta property=\"og:url\" content=\"https:\/\/vanafish.be\/fr\/paves-de-fletan-fume\/\" \/>\n<meta property=\"og:site_name\" content=\"Vanafish\" \/>\n<meta property=\"article:modified_time\" content=\"2025-06-18T18:42:07+00:00\" \/>\n<meta name=\"twitter:card\" content=\"summary_large_image\" \/>\n<meta name=\"twitter:label1\" content=\"Dur\u00e9e de lecture estim\u00e9e\" \/>\n\t<meta name=\"twitter:data1\" content=\"1 minute\" \/>\n<script type=\"application\/ld+json\" class=\"yoast-schema-graph\">{\"@context\":\"https:\/\/schema.org\",\"@graph\":[{\"@type\":\"WebPage\",\"@id\":\"https:\/\/vanafish.be\/paves-de-fletan-fume\/\",\"url\":\"https:\/\/vanafish.be\/paves-de-fletan-fume\/\",\"name\":\"Gerrokte heilbotstukken | Sp\u00e9cialis\u00e9 dans le fumage artisanal depuis 1979\",\"isPartOf\":{\"@id\":\"https:\/\/vanafish.be\/#website\"},\"datePublished\":\"2024-04-04T01:06:08+00:00\",\"dateModified\":\"2025-06-18T18:42:07+00:00\",\"breadcrumb\":{\"@id\":\"https:\/\/vanafish.be\/paves-de-fletan-fume\/#breadcrumb\"},\"inLanguage\":\"fr-FR\",\"potentialAction\":[{\"@type\":\"ReadAction\",\"target\":[\"https:\/\/vanafish.be\/paves-de-fletan-fume\/\"]}]},{\"@type\":\"BreadcrumbList\",\"@id\":\"https:\/\/vanafish.be\/paves-de-fletan-fume\/#breadcrumb\",\"itemListElement\":[{\"@type\":\"ListItem\",\"position\":1,\"name\":\"Accueil\",\"item\":\"https:\/\/vanafish.be\/\"},{\"@type\":\"ListItem\",\"position\":2,\"name\":\"Gerrokte heilbotstukken\"}]},{\"@type\":\"WebSite\",\"@id\":\"https:\/\/vanafish.be\/#website\",\"url\":\"https:\/\/vanafish.be\/\",\"name\":\"Vanafish\",\"description\":\"Entreprise familiale sp\u00e9cialis\u00e9e dans le fumage artisanal de saumon\",\"publisher\":{\"@id\":\"https:\/\/vanafish.be\/#organization\"},\"potentialAction\":[{\"@type\":\"SearchAction\",\"target\":{\"@type\":\"EntryPoint\",\"urlTemplate\":\"https:\/\/vanafish.be\/?s={search_term_string}\"},\"query-input\":\"required name=search_term_string\"}],\"inLanguage\":\"fr-FR\"},{\"@type\":\"Organization\",\"@id\":\"https:\/\/vanafish.be\/#organization\",\"name\":\"Vanafish\",\"url\":\"https:\/\/vanafish.be\/\",\"logo\":{\"@type\":\"ImageObject\",\"inLanguage\":\"fr-FR\",\"@id\":\"https:\/\/vanafish.be\/#\/schema\/logo\/image\/\",\"url\":\"https:\/\/vanafish.be\/wp-content\/uploads\/2024\/03\/logo-1.png\",\"contentUrl\":\"https:\/\/vanafish.be\/wp-content\/uploads\/2024\/03\/logo-1.png\",\"width\":170,\"height\":170,\"caption\":\"Vanafish\"},\"image\":{\"@id\":\"https:\/\/vanafish.be\/#\/schema\/logo\/image\/\"}}]}<\/script>\n<!-- \/ Yoast SEO plugin. -->","yoast_head_json":{"title":"Gerrokte heilbotstukken | Sp\u00e9cialis\u00e9 dans le fumage artisanal depuis 1979","robots":{"index":"index","follow":"follow","max-snippet":"max-snippet:-1","max-image-preview":"max-image-preview:large","max-video-preview":"max-video-preview:-1"},"canonical":"https:\/\/vanafish.be\/fr\/paves-de-fletan-fume\/","og_locale":"fr_FR","og_type":"article","og_title":"Gerrokte heilbotstukken | Sp\u00e9cialis\u00e9 dans le fumage artisanal depuis 1979","og_description":"GEROOKTE HEILBOTSTUKKEN Voor onze gerookte heilbotstukken reserveren wij onze grootste heilbotfilets. Dit is een minimumvereiste om grote sappige stukken te kunnen snijden. Onze heilbotstukken worden dan op een heel aparte manier gerookt, om de mooie gouden kleur te bekomen die dit topproduct helemaal afmaakt. Sinds 2024 is de gerookte Heilbot van Vanafish erkend als Streekproduct. [&hellip;]","og_url":"https:\/\/vanafish.be\/fr\/paves-de-fletan-fume\/","og_site_name":"Vanafish","article_modified_time":"2025-06-18T18:42:07+00:00","twitter_card":"summary_large_image","twitter_misc":{"Dur\u00e9e de lecture estim\u00e9e":"1 minute"},"schema":{"@context":"https:\/\/schema.org","@graph":[{"@type":"WebPage","@id":"https:\/\/vanafish.be\/paves-de-fletan-fume\/","url":"https:\/\/vanafish.be\/paves-de-fletan-fume\/","name":"Gerrokte heilbotstukken | Sp\u00e9cialis\u00e9 dans le fumage artisanal depuis 1979","isPartOf":{"@id":"https:\/\/vanafish.be\/#website"},"datePublished":"2024-04-04T01:06:08+00:00","dateModified":"2025-06-18T18:42:07+00:00","breadcrumb":{"@id":"https:\/\/vanafish.be\/paves-de-fletan-fume\/#breadcrumb"},"inLanguage":"fr-FR","potentialAction":[{"@type":"ReadAction","target":["https:\/\/vanafish.be\/paves-de-fletan-fume\/"]}]},{"@type":"BreadcrumbList","@id":"https:\/\/vanafish.be\/paves-de-fletan-fume\/#breadcrumb","itemListElement":[{"@type":"ListItem","position":1,"name":"Accueil","item":"https:\/\/vanafish.be\/"},{"@type":"ListItem","position":2,"name":"Gerrokte heilbotstukken"}]},{"@type":"WebSite","@id":"https:\/\/vanafish.be\/#website","url":"https:\/\/vanafish.be\/","name":"Vanafish","description":"Entreprise familiale sp\u00e9cialis\u00e9e dans le fumage artisanal de saumon","publisher":{"@id":"https:\/\/vanafish.be\/#organization"},"potentialAction":[{"@type":"SearchAction","target":{"@type":"EntryPoint","urlTemplate":"https:\/\/vanafish.be\/?s={search_term_string}"},"query-input":"required name=search_term_string"}],"inLanguage":"fr-FR"},{"@type":"Organization","@id":"https:\/\/vanafish.be\/#organization","name":"Vanafish","url":"https:\/\/vanafish.be\/","logo":{"@type":"ImageObject","inLanguage":"fr-FR","@id":"https:\/\/vanafish.be\/#\/schema\/logo\/image\/","url":"https:\/\/vanafish.be\/wp-content\/uploads\/2024\/03\/logo-1.png","contentUrl":"https:\/\/vanafish.be\/wp-content\/uploads\/2024\/03\/logo-1.png","width":170,"height":170,"caption":"Vanafish"},"image":{"@id":"https:\/\/vanafish.be\/#\/schema\/logo\/image\/"}}]}},"_links":{"self":[{"href":"https:\/\/vanafish.be\/fr\/wp-json\/wp\/v2\/pages\/452"}],"collection":[{"href":"https:\/\/vanafish.be\/fr\/wp-json\/wp\/v2\/pages"}],"about":[{"href":"https:\/\/vanafish.be\/fr\/wp-json\/wp\/v2\/types\/page"}],"author":[{"embeddable":true,"href":"https:\/\/vanafish.be\/fr\/wp-json\/wp\/v2\/users\/2"}],"replies":[{"embeddable":true,"href":"https:\/\/vanafish.be\/fr\/wp-json\/wp\/v2\/comments?post=452"}],"version-history":[{"count":40,"href":"https:\/\/vanafish.be\/fr\/wp-json\/wp\/v2\/pages\/452\/revisions"}],"predecessor-version":[{"id":1063,"href":"https:\/\/vanafish.be\/fr\/wp-json\/wp\/v2\/pages\/452\/revisions\/1063"}],"wp:attachment":[{"href":"https:\/\/vanafish.be\/fr\/wp-json\/wp\/v2\/media?parent=452"}],"curies":[{"name":"wp","href":"https:\/\/api.w.org\/{rel}","templated":true}]}}