{"id":428,"date":"2024-04-04T03:01:08","date_gmt":"2024-04-04T01:01:08","guid":{"rendered":"https:\/\/vanafish.be\/?page_id=428"},"modified":"2026-04-13T21:59:14","modified_gmt":"2026-04-13T19:59:14","slug":"saumon-fume-a-chaud","status":"publish","type":"page","link":"https:\/\/vanafish.be\/fr\/saumon-fume-a-chaud\/","title":{"rendered":"Warm gerookte zalm"},"content":{"rendered":"<div data-elementor-type=\"wp-page\" data-elementor-id=\"428\" class=\"elementor elementor-428\">\n\t\t\t\t<div class=\"elementor-element elementor-element-1455492 e-flex e-con-boxed e-con e-parent\" data-id=\"1455492\" data-element_type=\"container\" data-settings=\"{&quot;background_background&quot;:&quot;classic&quot;}\">\n\t\t\t\t\t<div class=\"e-con-inner\">\n\t\t\t\t\t<\/div>\n\t\t\t\t<\/div>\n\t\t<div class=\"elementor-element elementor-element-15b3881 e-con-full e-flex e-con e-parent\" data-id=\"15b3881\" data-element_type=\"container\">\n\t\t<div class=\"elementor-element elementor-element-87e5f39 e-con-full e-flex e-con e-child\" data-id=\"87e5f39\" data-element_type=\"container\" data-settings=\"{&quot;background_background&quot;:&quot;slideshow&quot;,&quot;background_slideshow_gallery&quot;:[{&quot;id&quot;:430,&quot;url&quot;:&quot;https:\\\/\\\/vanafish.be\\\/wp-content\\\/uploads\\\/2024\\\/04\\\/Warmgerookt_Zalmstuk_Natuur_2-scaled.jpeg&quot;},{&quot;id&quot;:431,&quot;url&quot;:&quot;https:\\\/\\\/vanafish.be\\\/wp-content\\\/uploads\\\/2024\\\/04\\\/vanafish-gerooktezalm-detail3.jpg&quot;},{&quot;id&quot;:432,&quot;url&quot;:&quot;https:\\\/\\\/vanafish.be\\\/wp-content\\\/uploads\\\/2024\\\/04\\\/vanafish-gerooktezalm-detail1.jpg&quot;}],&quot;background_slideshow_slide_duration&quot;:3000,&quot;background_slideshow_loop&quot;:&quot;yes&quot;,&quot;background_slideshow_slide_transition&quot;:&quot;fade&quot;,&quot;background_slideshow_transition_duration&quot;:500}\">\n\t\t\t\t<\/div>\n\t\t<div class=\"elementor-element elementor-element-247cf57 e-con-full e-flex e-con e-child\" data-id=\"247cf57\" data-element_type=\"container\">\n\t\t\t\t<div class=\"elementor-element elementor-element-9321621 elementor-hidden-mobile elementor-view-default elementor-widget elementor-widget-icon\" data-id=\"9321621\" data-element_type=\"widget\" data-widget_type=\"icon.default\">\n\t\t\t\t<div class=\"elementor-widget-container\">\n\t\t\t\t\t\t\t<div class=\"elementor-icon-wrapper\">\n\t\t\t<a class=\"elementor-icon\" href=\"https:\/\/vanafish.be\/fr\/gold-saumon\/\">\n\t\t\t<svg aria-hidden=\"true\" class=\"e-font-icon-svg e-fas-chevron-left\" viewbox=\"0 0 320 512\" xmlns=\"http:\/\/www.w3.org\/2000\/svg\"><path d=\"M34.52 239.03L228.87 44.69c9.37-9.37 24.57-9.37 33.94 0l22.67 22.67c9.36 9.36 9.37 24.52.04 33.9L131.49 256l154.02 154.75c9.34 9.38 9.32 24.54-.04 33.9l-22.67 22.67c-9.37 9.37-24.57 9.37-33.94 0L34.52 272.97c-9.37-9.37-9.37-24.57 0-33.94z\"><\/path><\/svg>\t\t\t<\/a>\n\t\t<\/div>\n\t\t\t\t\t\t<\/div>\n\t\t\t\t<\/div>\n\t\t<div class=\"elementor-element elementor-element-04e9916 e-flex e-con-boxed e-con e-child\" data-id=\"04e9916\" data-element_type=\"container\">\n\t\t\t\t\t<div class=\"e-con-inner\">\n\t\t\t\t<div class=\"elementor-element elementor-element-dfb8709 elementor-widget elementor-widget-heading\" data-id=\"dfb8709\" data-element_type=\"widget\" data-widget_type=\"heading.default\">\n\t\t\t\t<div class=\"elementor-widget-container\">\n\t\t\t\t\t<h2 class=\"elementor-heading-title elementor-size-default\">SAUMON FUM\u00c9 \u00c0 CHAUD <\/h2>\t\t\t\t<\/div>\n\t\t\t\t<\/div>\n\t\t\t\t<div class=\"elementor-element elementor-element-37b18dd elementor-widget-divider--view-line elementor-widget elementor-widget-divider\" data-id=\"37b18dd\" data-element_type=\"widget\" data-widget_type=\"divider.default\">\n\t\t\t\t<div class=\"elementor-widget-container\">\n\t\t\t\t\t\t\t<div class=\"elementor-divider\">\n\t\t\t<span class=\"elementor-divider-separator\">\n\t\t\t\t\t\t<\/span>\n\t\t<\/div>\n\t\t\t\t\t\t<\/div>\n\t\t\t\t<\/div>\n\t\t\t\t<div class=\"elementor-element elementor-element-4860614 elementor-widget elementor-widget-spacer\" data-id=\"4860614\" data-element_type=\"widget\" data-widget_type=\"spacer.default\">\n\t\t\t\t<div class=\"elementor-widget-container\">\n\t\t\t\t\t\t\t<div class=\"elementor-spacer\">\n\t\t\t<div class=\"elementor-spacer-inner\"><\/div>\n\t\t<\/div>\n\t\t\t\t\t\t<\/div>\n\t\t\t\t<\/div>\n\t\t\t\t<div class=\"elementor-element elementor-element-7ebf6e0 elementor-widget__width-initial elementor-widget elementor-widget-text-editor\" data-id=\"7ebf6e0\" data-element_type=\"widget\" data-widget_type=\"text-editor.default\">\n\t\t\t\t<div class=\"elementor-widget-container\">\n\t\t\t\t\t\t\t\t\t<p>Contrairement \u00e0 nos autres produits fum\u00e9s froids (+\/- 20\u00b0 \u2013 30\u00b0C), nous fumons ce produit \u00e0 75\u00b0 C, pour faire cuire le saumon et pour offrir une structure et un go\u00fbt enti\u00e8rement diff\u00e9rent. Nous offrons ce saumon fum\u00e9 \u00e0 chaud nature, mais \u00e9galement assaisonn\u00e9 avec notre propre m\u00e9lange d\u2019\u00e9pices pour un go\u00fbt plus aromatis\u00e9. Disponible en bandes enti\u00e8res ou en portions de 150g.<\/p>\t\t\t\t\t\t\t\t<\/div>\n\t\t\t\t<\/div>\n\t\t\t\t<div class=\"elementor-element elementor-element-3a78a01 elementor-widget elementor-widget-spacer\" data-id=\"3a78a01\" data-element_type=\"widget\" data-widget_type=\"spacer.default\">\n\t\t\t\t<div class=\"elementor-widget-container\">\n\t\t\t\t\t\t\t<div class=\"elementor-spacer\">\n\t\t\t<div class=\"elementor-spacer-inner\"><\/div>\n\t\t<\/div>\n\t\t\t\t\t\t<\/div>\n\t\t\t\t<\/div>\n\t\t<div class=\"elementor-element elementor-element-0443ac8 e-flex e-con-boxed e-con e-child\" data-id=\"0443ac8\" data-element_type=\"container\">\n\t\t\t\t\t<div class=\"e-con-inner\">\n\t\t\t\t<div class=\"elementor-element elementor-element-c1d7b3f elementor-widget__width-initial elementor-widget elementor-widget-heading\" data-id=\"c1d7b3f\" data-element_type=\"widget\" data-widget_type=\"heading.default\">\n\t\t\t\t<div class=\"elementor-widget-container\">\n\t\t\t\t\t<h2 class=\"elementor-heading-title elementor-size-default\"><a href=\"https:\/\/vanafish.be\/fr\/gold-saumon\/\">PR\u00c9C\u00c9DENT<\/a><\/h2>\t\t\t\t<\/div>\n\t\t\t\t<\/div>\n\t\t\t\t<div class=\"elementor-element elementor-element-ed03ca5 elementor-widget__width-initial elementor-widget elementor-widget-heading\" data-id=\"ed03ca5\" data-element_type=\"widget\" data-widget_type=\"heading.default\">\n\t\t\t\t<div class=\"elementor-widget-container\">\n\t\t\t\t\t<h2 class=\"elementor-heading-title elementor-size-default\"><a href=\"https:\/\/vanafish.be\/fr\/gravad-lax\/\">SUIVANT<\/a><\/h2>\t\t\t\t<\/div>\n\t\t\t\t<\/div>\n\t\t\t\t<div class=\"elementor-element elementor-element-517b7ef elementor-widget__width-initial elementor-widget elementor-widget-heading\" data-id=\"517b7ef\" data-element_type=\"widget\" data-widget_type=\"heading.default\">\n\t\t\t\t<div class=\"elementor-widget-container\">\n\t\t\t\t\t<h2 class=\"elementor-heading-title elementor-size-default\"><a href=\"https:\/\/vanafish.be\/fr\/produits\/\">RETOUR AUX PRODUITS<\/a><\/h2>\t\t\t\t<\/div>\n\t\t\t\t<\/div>\n\t\t\t\t\t<\/div>\n\t\t\t\t<\/div>\n\t\t<div class=\"elementor-element elementor-element-310f431 e-con-full elementor-hidden-desktop elementor-hidden-tablet e-flex e-con e-child\" data-id=\"310f431\" data-element_type=\"container\">\n\t\t\t\t<div class=\"elementor-element elementor-element-0a9ce8d elementor-view-default elementor-widget elementor-widget-icon\" data-id=\"0a9ce8d\" data-element_type=\"widget\" data-widget_type=\"icon.default\">\n\t\t\t\t<div class=\"elementor-widget-container\">\n\t\t\t\t\t\t\t<div class=\"elementor-icon-wrapper\">\n\t\t\t<a class=\"elementor-icon\" href=\"https:\/\/vanafish.be\/fr\/gold-saumon\/\">\n\t\t\t<svg aria-hidden=\"true\" class=\"e-font-icon-svg e-fas-chevron-left\" viewbox=\"0 0 320 512\" xmlns=\"http:\/\/www.w3.org\/2000\/svg\"><path d=\"M34.52 239.03L228.87 44.69c9.37-9.37 24.57-9.37 33.94 0l22.67 22.67c9.36 9.36 9.37 24.52.04 33.9L131.49 256l154.02 154.75c9.34 9.38 9.32 24.54-.04 33.9l-22.67 22.67c-9.37 9.37-24.57 9.37-33.94 0L34.52 272.97c-9.37-9.37-9.37-24.57 0-33.94z\"><\/path><\/svg>\t\t\t<\/a>\n\t\t<\/div>\n\t\t\t\t\t\t<\/div>\n\t\t\t\t<\/div>\n\t\t\t\t<div class=\"elementor-element elementor-element-71f3e69 elementor-view-default elementor-widget elementor-widget-icon\" data-id=\"71f3e69\" data-element_type=\"widget\" data-widget_type=\"icon.default\">\n\t\t\t\t<div class=\"elementor-widget-container\">\n\t\t\t\t\t\t\t<div class=\"elementor-icon-wrapper\">\n\t\t\t<a class=\"elementor-icon\" href=\"https:\/\/vanafish.be\/fr\/gravad-lax\/\">\n\t\t\t<svg aria-hidden=\"true\" class=\"e-font-icon-svg e-fas-chevron-right\" viewbox=\"0 0 320 512\" xmlns=\"http:\/\/www.w3.org\/2000\/svg\"><path d=\"M285.476 272.971L91.132 467.314c-9.373 9.373-24.569 9.373-33.941 0l-22.667-22.667c-9.357-9.357-9.375-24.522-.04-33.901L188.505 256 34.484 101.255c-9.335-9.379-9.317-24.544.04-33.901l22.667-22.667c9.373-9.373 24.569-9.373 33.941 0L285.475 239.03c9.373 9.372 9.373 24.568.001 33.941z\"><\/path><\/svg>\t\t\t<\/a>\n\t\t<\/div>\n\t\t\t\t\t\t<\/div>\n\t\t\t\t<\/div>\n\t\t\t\t<\/div>\n\t\t\t\t\t<\/div>\n\t\t\t\t<\/div>\n\t\t\t\t<div class=\"elementor-element elementor-element-7086001 elementor-hidden-mobile elementor-view-default elementor-widget elementor-widget-icon\" data-id=\"7086001\" data-element_type=\"widget\" data-widget_type=\"icon.default\">\n\t\t\t\t<div class=\"elementor-widget-container\">\n\t\t\t\t\t\t\t<div class=\"elementor-icon-wrapper\">\n\t\t\t<a class=\"elementor-icon\" href=\"https:\/\/vanafish.be\/fr\/gravad-lax\/\">\n\t\t\t<svg aria-hidden=\"true\" class=\"e-font-icon-svg e-fas-chevron-right\" viewbox=\"0 0 320 512\" xmlns=\"http:\/\/www.w3.org\/2000\/svg\"><path d=\"M285.476 272.971L91.132 467.314c-9.373 9.373-24.569 9.373-33.941 0l-22.667-22.667c-9.357-9.357-9.375-24.522-.04-33.901L188.505 256 34.484 101.255c-9.335-9.379-9.317-24.544.04-33.901l22.667-22.667c9.373-9.373 24.569-9.373 33.941 0L285.475 239.03c9.373 9.372 9.373 24.568.001 33.941z\"><\/path><\/svg>\t\t\t<\/a>\n\t\t<\/div>\n\t\t\t\t\t\t<\/div>\n\t\t\t\t<\/div>\n\t\t\t\t<\/div>\n\t\t\t\t<\/div>\n\t\t\t\t<\/div>","protected":false},"excerpt":{"rendered":"<p>WARM GEROOKTE ZALM In tegenstelling tot onze andere koud gerookte producten (+\/- 20\u00b0- 30\u00b0C), roken we dit product aan 75\u00b0 C, wat de zalm zal garen, en daardoor een gans andere structuur en smaak zal geven. Warm gerookte zalm bieden wij natuur aan, maar ook gekruid met een eigen kruidenmengeling voor een pittige afwerking. Verkrijgbaar [&hellip;]<\/p>","protected":false},"author":2,"featured_media":0,"parent":0,"menu_order":0,"comment_status":"closed","ping_status":"closed","template":"elementor_header_footer","meta":{"footnotes":""},"yoast_head":"<!-- This site is optimized with the Yoast SEO plugin v22.8 - https:\/\/yoast.com\/wordpress\/plugins\/seo\/ -->\n<title>Warm gerookte zalm - Vanafish<\/title>\n<meta name=\"robots\" content=\"index, follow, max-snippet:-1, max-image-preview:large, max-video-preview:-1\" \/>\n<link rel=\"canonical\" href=\"https:\/\/vanafish.be\/fr\/saumon-fume-a-chaud\/\" \/>\n<meta property=\"og:locale\" content=\"fr_FR\" \/>\n<meta property=\"og:type\" content=\"article\" \/>\n<meta property=\"og:title\" content=\"Warm gerookte zalm - Vanafish\" \/>\n<meta property=\"og:description\" content=\"WARM GEROOKTE ZALM In tegenstelling tot onze andere koud gerookte producten (+\/- 20\u00b0- 30\u00b0C), roken we dit product aan 75\u00b0 C, wat de zalm zal garen, en daardoor een gans andere structuur en smaak zal geven. Warm gerookte zalm bieden wij natuur aan, maar ook gekruid met een eigen kruidenmengeling voor een pittige afwerking. Verkrijgbaar [&hellip;]\" \/>\n<meta property=\"og:url\" content=\"https:\/\/vanafish.be\/fr\/saumon-fume-a-chaud\/\" \/>\n<meta property=\"og:site_name\" content=\"Vanafish\" \/>\n<meta property=\"article:modified_time\" content=\"2026-04-13T19:59:14+00:00\" \/>\n<meta name=\"twitter:card\" content=\"summary_large_image\" \/>\n<meta name=\"twitter:label1\" content=\"Dur\u00e9e de lecture estim\u00e9e\" \/>\n\t<meta name=\"twitter:data1\" content=\"1 minute\" \/>\n<script type=\"application\/ld+json\" class=\"yoast-schema-graph\">{\"@context\":\"https:\/\/schema.org\",\"@graph\":[{\"@type\":\"WebPage\",\"@id\":\"https:\/\/vanafish.be\/saumon-fume-a-chaud\/\",\"url\":\"https:\/\/vanafish.be\/saumon-fume-a-chaud\/\",\"name\":\"Warm gerookte zalm - Vanafish\",\"isPartOf\":{\"@id\":\"https:\/\/vanafish.be\/#website\"},\"datePublished\":\"2024-04-04T01:01:08+00:00\",\"dateModified\":\"2026-04-13T19:59:14+00:00\",\"breadcrumb\":{\"@id\":\"https:\/\/vanafish.be\/saumon-fume-a-chaud\/#breadcrumb\"},\"inLanguage\":\"fr-FR\",\"potentialAction\":[{\"@type\":\"ReadAction\",\"target\":[\"https:\/\/vanafish.be\/saumon-fume-a-chaud\/\"]}]},{\"@type\":\"BreadcrumbList\",\"@id\":\"https:\/\/vanafish.be\/saumon-fume-a-chaud\/#breadcrumb\",\"itemListElement\":[{\"@type\":\"ListItem\",\"position\":1,\"name\":\"Accueil\",\"item\":\"https:\/\/vanafish.be\/\"},{\"@type\":\"ListItem\",\"position\":2,\"name\":\"Warm gerookte zalm\"}]},{\"@type\":\"WebSite\",\"@id\":\"https:\/\/vanafish.be\/#website\",\"url\":\"https:\/\/vanafish.be\/\",\"name\":\"Vanafish\",\"description\":\"Entreprise familiale sp\u00e9cialis\u00e9e dans le fumage artisanal de saumon\",\"publisher\":{\"@id\":\"https:\/\/vanafish.be\/#organization\"},\"potentialAction\":[{\"@type\":\"SearchAction\",\"target\":{\"@type\":\"EntryPoint\",\"urlTemplate\":\"https:\/\/vanafish.be\/?s={search_term_string}\"},\"query-input\":\"required name=search_term_string\"}],\"inLanguage\":\"fr-FR\"},{\"@type\":\"Organization\",\"@id\":\"https:\/\/vanafish.be\/#organization\",\"name\":\"Vanafish\",\"url\":\"https:\/\/vanafish.be\/\",\"logo\":{\"@type\":\"ImageObject\",\"inLanguage\":\"fr-FR\",\"@id\":\"https:\/\/vanafish.be\/#\/schema\/logo\/image\/\",\"url\":\"https:\/\/vanafish.be\/wp-content\/uploads\/2024\/03\/logo-1.png\",\"contentUrl\":\"https:\/\/vanafish.be\/wp-content\/uploads\/2024\/03\/logo-1.png\",\"width\":170,\"height\":170,\"caption\":\"Vanafish\"},\"image\":{\"@id\":\"https:\/\/vanafish.be\/#\/schema\/logo\/image\/\"}}]}<\/script>\n<!-- \/ Yoast SEO plugin. -->","yoast_head_json":{"title":"Warm gerookte zalm - Vanafish","robots":{"index":"index","follow":"follow","max-snippet":"max-snippet:-1","max-image-preview":"max-image-preview:large","max-video-preview":"max-video-preview:-1"},"canonical":"https:\/\/vanafish.be\/fr\/saumon-fume-a-chaud\/","og_locale":"fr_FR","og_type":"article","og_title":"Warm gerookte zalm - Vanafish","og_description":"WARM GEROOKTE ZALM In tegenstelling tot onze andere koud gerookte producten (+\/- 20\u00b0- 30\u00b0C), roken we dit product aan 75\u00b0 C, wat de zalm zal garen, en daardoor een gans andere structuur en smaak zal geven. Warm gerookte zalm bieden wij natuur aan, maar ook gekruid met een eigen kruidenmengeling voor een pittige afwerking. Verkrijgbaar [&hellip;]","og_url":"https:\/\/vanafish.be\/fr\/saumon-fume-a-chaud\/","og_site_name":"Vanafish","article_modified_time":"2026-04-13T19:59:14+00:00","twitter_card":"summary_large_image","twitter_misc":{"Dur\u00e9e de lecture estim\u00e9e":"1 minute"},"schema":{"@context":"https:\/\/schema.org","@graph":[{"@type":"WebPage","@id":"https:\/\/vanafish.be\/saumon-fume-a-chaud\/","url":"https:\/\/vanafish.be\/saumon-fume-a-chaud\/","name":"Warm gerookte zalm - Vanafish","isPartOf":{"@id":"https:\/\/vanafish.be\/#website"},"datePublished":"2024-04-04T01:01:08+00:00","dateModified":"2026-04-13T19:59:14+00:00","breadcrumb":{"@id":"https:\/\/vanafish.be\/saumon-fume-a-chaud\/#breadcrumb"},"inLanguage":"fr-FR","potentialAction":[{"@type":"ReadAction","target":["https:\/\/vanafish.be\/saumon-fume-a-chaud\/"]}]},{"@type":"BreadcrumbList","@id":"https:\/\/vanafish.be\/saumon-fume-a-chaud\/#breadcrumb","itemListElement":[{"@type":"ListItem","position":1,"name":"Accueil","item":"https:\/\/vanafish.be\/"},{"@type":"ListItem","position":2,"name":"Warm gerookte zalm"}]},{"@type":"WebSite","@id":"https:\/\/vanafish.be\/#website","url":"https:\/\/vanafish.be\/","name":"Vanafish","description":"Entreprise familiale sp\u00e9cialis\u00e9e dans le fumage artisanal de saumon","publisher":{"@id":"https:\/\/vanafish.be\/#organization"},"potentialAction":[{"@type":"SearchAction","target":{"@type":"EntryPoint","urlTemplate":"https:\/\/vanafish.be\/?s={search_term_string}"},"query-input":"required name=search_term_string"}],"inLanguage":"fr-FR"},{"@type":"Organization","@id":"https:\/\/vanafish.be\/#organization","name":"Vanafish","url":"https:\/\/vanafish.be\/","logo":{"@type":"ImageObject","inLanguage":"fr-FR","@id":"https:\/\/vanafish.be\/#\/schema\/logo\/image\/","url":"https:\/\/vanafish.be\/wp-content\/uploads\/2024\/03\/logo-1.png","contentUrl":"https:\/\/vanafish.be\/wp-content\/uploads\/2024\/03\/logo-1.png","width":170,"height":170,"caption":"Vanafish"},"image":{"@id":"https:\/\/vanafish.be\/#\/schema\/logo\/image\/"}}]}},"_links":{"self":[{"href":"https:\/\/vanafish.be\/fr\/wp-json\/wp\/v2\/pages\/428"}],"collection":[{"href":"https:\/\/vanafish.be\/fr\/wp-json\/wp\/v2\/pages"}],"about":[{"href":"https:\/\/vanafish.be\/fr\/wp-json\/wp\/v2\/types\/page"}],"author":[{"embeddable":true,"href":"https:\/\/vanafish.be\/fr\/wp-json\/wp\/v2\/users\/2"}],"replies":[{"embeddable":true,"href":"https:\/\/vanafish.be\/fr\/wp-json\/wp\/v2\/comments?post=428"}],"version-history":[{"count":24,"href":"https:\/\/vanafish.be\/fr\/wp-json\/wp\/v2\/pages\/428\/revisions"}],"predecessor-version":[{"id":1054,"href":"https:\/\/vanafish.be\/fr\/wp-json\/wp\/v2\/pages\/428\/revisions\/1054"}],"wp:attachment":[{"href":"https:\/\/vanafish.be\/fr\/wp-json\/wp\/v2\/media?parent=428"}],"curies":[{"name":"wp","href":"https:\/\/api.w.org\/{rel}","templated":true}]}}